{"id":11624,"date":"2024-10-20T14:01:49","date_gmt":"2024-10-20T14:01:49","guid":{"rendered":"https:\/\/imc-morocco.com\/attend\/"},"modified":"2025-07-02T13:18:51","modified_gmt":"2025-07-02T13:18:51","slug":"participer","status":"publish","type":"page","link":"https:\/\/imc-morocco.com\/fr\/participer\/","title":{"rendered":"PARTICIPER"},"content":{"rendered":"\t\t<div data-elementor-type=\"wp-page\" data-elementor-id=\"11624\" class=\"elementor elementor-11624 elementor-10429\" data-elementor-post-type=\"page\">\n\t\t\t\t<div data-particle_enable=\"false\" data-particle-mobile-disabled=\"false\" class=\"elementor-element elementor-element-8adee5d e-flex e-con-boxed e-con e-parent\" data-id=\"8adee5d\" data-element_type=\"container\" data-e-type=\"container\" data-settings=\"{&quot;background_background&quot;:&quot;classic&quot;}\">\n\t\t\t\t\t<div class=\"e-con-inner\">\n\t\t<div data-particle_enable=\"false\" data-particle-mobile-disabled=\"false\" class=\"elementor-element elementor-element-5c5a76d e-con-full e-flex elementor-invisible e-con e-child\" data-id=\"5c5a76d\" data-element_type=\"container\" data-e-type=\"container\" data-settings=\"{&quot;animation&quot;:&quot;fadeInLeft&quot;,&quot;background_background&quot;:&quot;classic&quot;}\">\n\t\t\t\t<div class=\"elementor-element elementor-element-d935ece elementor-widget-mobile__width-inherit elementor-widget elementor-widget-heading\" data-id=\"d935ece\" data-element_type=\"widget\" data-e-type=\"widget\" data-widget_type=\"heading.default\">\n\t\t\t\t<div class=\"elementor-widget-container\">\n\t\t\t\t\t<h2 class=\"elementor-heading-title elementor-size-default\">D\u00e9l\u00e9gu\u00e9 :\n\u00c9coutez, Apprenez, Participez et Concluez des Affaires<\/h2>\t\t\t\t<\/div>\n\t\t\t\t<\/div>\n\t\t\t\t<div class=\"elementor-element elementor-element-4241b3f elementor-widget elementor-widget-text-editor\" data-id=\"4241b3f\" data-element_type=\"widget\" data-e-type=\"widget\" data-widget_type=\"text-editor.default\">\n\t\t\t\t<div class=\"elementor-widget-container\">\n\t\t\t\t\t\t\t\t\t<p>En participant en tant que d\u00e9l\u00e9gu\u00e9, vous aurez non seulement acc\u00e8s aux sessions interactives de la conf\u00e9rence, mais \u00e9galement aux riches opportunit\u00e9s de r\u00e9seautage offertes par les pauses-caf\u00e9, les d\u00e9jeuners et les r\u00e9ceptions en soir\u00e9e. Vous serez \u00e9galement inclus dans l&rsquo;application B2B de l&rsquo;\u00e9v\u00e9nement, vous permettant ainsi de planifier des rendez-vous avant et pendant l&rsquo;\u00e9v\u00e9nement.<\/p>\n<p>Nous savons que le r\u00e9seautage est essentiel pour vous lors de ce type d&rsquo;\u00e9v\u00e9nement, c&rsquo;est pourquoi nous utilisons \u00e9galement une plateforme virtuelle et une application, accessibles aux participants virtuels et en personne. Ces outils vous permettent de consulter les profils des participants et d&rsquo;\u00e9changer avec eux via le chat, reproduisant ainsi le r\u00e9seautage en face-\u00e0-face des \u00e9v\u00e9nements en direct, ou de planifier des r\u00e9unions pendant l&rsquo;\u00e9v\u00e9nement.<\/p>\n<p>Cette plateforme h\u00e9berge les pr\u00e9sentations et discussions en direct, ainsi que des points de rencontre virtuels pour \u00e9changer avec les autres participants entre les sessions de la conf\u00e9rence. Les d\u00e9l\u00e9gu\u00e9s ont acc\u00e8s \u00e0 toutes les activit\u00e9s pendant l&rsquo;\u00e9v\u00e9nement, alors n\u2019h\u00e9sitez plus, r\u00e9servez votre passe d\u00e9l\u00e9gu\u00e9 !<\/p>\n\t\t\t\t\t\t\t\t<\/div>\n\t\t\t\t<\/div>\n\t\t\t\t<div class=\"elementor-element elementor-element-628bbdc elementor-align-left elementor-widget elementor-widget-button\" data-id=\"628bbdc\" data-element_type=\"widget\" data-e-type=\"widget\" data-widget_type=\"button.default\">\n\t\t\t\t<div class=\"elementor-widget-container\">\n\t\t\t\t\t\t\t\t\t<div class=\"elementor-button-wrapper\">\n\t\t\t\t\t<a class=\"elementor-button elementor-button-link elementor-size-md\" href=\"https:\/\/imc-morocco.com\/fr\/inscrivez-vous\/\">\n\t\t\t\t\t\t<span class=\"elementor-button-content-wrapper\">\n\t\t\t\t\t\t\t\t\t<span class=\"elementor-button-text\">R\u00e9servez votre Passe D\u00e9l\u00e9gu\u00e9<\/span>\n\t\t\t\t\t<\/span>\n\t\t\t\t\t<\/a>\n\t\t\t\t<\/div>\n\t\t\t\t\t\t\t\t<\/div>\n\t\t\t\t<\/div>\n\t\t\t\t<\/div>\n\t\t<div data-particle_enable=\"false\" data-particle-mobile-disabled=\"false\" class=\"elementor-element elementor-element-30d83a9 e-con-full e-flex e-con e-child\" data-id=\"30d83a9\" data-element_type=\"container\" data-e-type=\"container\" data-settings=\"{&quot;background_background&quot;:&quot;classic&quot;}\">\n\t\t\t\t<div class=\"elementor-element elementor-element-68fcd8c elementor-invisible elementor-widget elementor-widget-image\" data-id=\"68fcd8c\" data-element_type=\"widget\" data-e-type=\"widget\" data-settings=\"{&quot;_animation&quot;:&quot;fadeInUp&quot;}\" data-widget_type=\"image.default\">\n\t\t\t\t<div class=\"elementor-widget-container\">\n\t\t\t\t\t\t\t\t\t\t\t\t\t\t\t<img fetchpriority=\"high\" decoding=\"async\" width=\"1289\" height=\"860\" src=\"https:\/\/imc-morocco.com\/wp-content\/uploads\/2025\/05\/3.jpg\" class=\"attachment-full size-full wp-image-13375\" alt=\"\" srcset=\"https:\/\/imc-morocco.com\/wp-content\/uploads\/2025\/05\/3.jpg 1289w, https:\/\/imc-morocco.com\/wp-content\/uploads\/2025\/05\/3-300x200.jpg 300w, https:\/\/imc-morocco.com\/wp-content\/uploads\/2025\/05\/3-1024x683.jpg 1024w, https:\/\/imc-morocco.com\/wp-content\/uploads\/2025\/05\/3-768x512.jpg 768w\" sizes=\"(max-width: 1289px) 100vw, 1289px\" \/>\t\t\t\t\t\t\t\t\t\t\t\t\t\t\t<\/div>\n\t\t\t\t<\/div>\n\t\t\t\t<\/div>\n\t\t\t\t\t<\/div>\n\t\t\t\t<\/div>\n\t\t<div data-particle_enable=\"false\" data-particle-mobile-disabled=\"false\" class=\"elementor-element elementor-element-6499507 e-flex e-con-boxed e-con e-parent\" data-id=\"6499507\" data-element_type=\"container\" data-e-type=\"container\" data-settings=\"{&quot;background_background&quot;:&quot;classic&quot;}\">\n\t\t\t\t\t<div class=\"e-con-inner\">\n\t\t<div data-particle_enable=\"false\" data-particle-mobile-disabled=\"false\" class=\"elementor-element elementor-element-edcfce6 e-con-full e-flex e-con e-child\" data-id=\"edcfce6\" data-element_type=\"container\" data-e-type=\"container\" data-settings=\"{&quot;background_background&quot;:&quot;classic&quot;}\">\n\t\t\t\t<div class=\"elementor-element elementor-element-e344c5b elementor-invisible elementor-widget elementor-widget-image\" data-id=\"e344c5b\" data-element_type=\"widget\" data-e-type=\"widget\" data-settings=\"{&quot;_animation&quot;:&quot;fadeInUp&quot;}\" data-widget_type=\"image.default\">\n\t\t\t\t<div class=\"elementor-widget-container\">\n\t\t\t\t\t\t\t\t\t\t\t\t\t\t\t<img decoding=\"async\" width=\"760\" height=\"508\" src=\"https:\/\/imc-morocco.com\/wp-content\/uploads\/2025\/05\/Screenshot-2025-05-09-112907.jpg\" class=\"attachment-full size-full wp-image-13387\" alt=\"\" srcset=\"https:\/\/imc-morocco.com\/wp-content\/uploads\/2025\/05\/Screenshot-2025-05-09-112907.jpg 760w, https:\/\/imc-morocco.com\/wp-content\/uploads\/2025\/05\/Screenshot-2025-05-09-112907-300x201.jpg 300w\" sizes=\"(max-width: 760px) 100vw, 760px\" \/>\t\t\t\t\t\t\t\t\t\t\t\t\t\t\t<\/div>\n\t\t\t\t<\/div>\n\t\t\t\t<\/div>\n\t\t<div data-particle_enable=\"false\" data-particle-mobile-disabled=\"false\" class=\"elementor-element elementor-element-5dd710d e-con-full e-flex elementor-invisible e-con e-child\" data-id=\"5dd710d\" data-element_type=\"container\" data-e-type=\"container\" data-settings=\"{&quot;animation&quot;:&quot;fadeInLeft&quot;,&quot;background_background&quot;:&quot;classic&quot;}\">\n\t\t\t\t<div class=\"elementor-element elementor-element-14a5f73 elementor-widget elementor-widget-heading\" data-id=\"14a5f73\" data-element_type=\"widget\" data-e-type=\"widget\" data-widget_type=\"heading.default\">\n\t\t\t\t<div class=\"elementor-widget-container\">\n\t\t\t\t\t<h2 class=\"elementor-heading-title elementor-size-default\">Devenez Orateur\n<\/h2>\t\t\t\t<\/div>\n\t\t\t\t<\/div>\n\t\t\t\t<div class=\"elementor-element elementor-element-15b5c4b elementor-widget elementor-widget-text-editor\" data-id=\"15b5c4b\" data-element_type=\"widget\" data-e-type=\"widget\" data-widget_type=\"text-editor.default\">\n\t\t\t\t<div class=\"elementor-widget-container\">\n\t\t\t\t\t\t\t\t\t<p>Si vous souhaitez prononcer un discours lors de l\u2019IMC Morocco 2024, veuillez envoyer votre biographie, le sujet, une photo et un r\u00e9sum\u00e9 au comit\u00e9 d\u2019organisation. N.B. Les discours peuvent \u00eatre faits en fran\u00e7ais ou en anglais. Tous les discours ne doivent pas d\u00e9passer une dur\u00e9e de 15 minutes.<\/p>\n\t\t\t\t\t\t\t\t<\/div>\n\t\t\t\t<\/div>\n\t\t\t\t<div class=\"elementor-element elementor-element-a8777d5 elementor-align-left elementor-widget elementor-widget-button\" data-id=\"a8777d5\" data-element_type=\"widget\" data-e-type=\"widget\" data-widget_type=\"button.default\">\n\t\t\t\t<div class=\"elementor-widget-container\">\n\t\t\t\t\t\t\t\t\t<div class=\"elementor-button-wrapper\">\n\t\t\t\t\t<a class=\"elementor-button elementor-button-link elementor-size-md\" href=\"https:\/\/imc-morocco.com\/fr\/contactez-nous\/\">\n\t\t\t\t\t\t<span class=\"elementor-button-content-wrapper\">\n\t\t\t\t\t\t\t\t\t<span class=\"elementor-button-text\">Candidature pour Intervenir<\/span>\n\t\t\t\t\t<\/span>\n\t\t\t\t\t<\/a>\n\t\t\t\t<\/div>\n\t\t\t\t\t\t\t\t<\/div>\n\t\t\t\t<\/div>\n\t\t\t\t<\/div>\n\t\t\t\t\t<\/div>\n\t\t\t\t<\/div>\n\t\t<div data-particle_enable=\"false\" data-particle-mobile-disabled=\"false\" class=\"elementor-element elementor-element-7056238 e-flex e-con-boxed e-con e-parent\" data-id=\"7056238\" data-element_type=\"container\" data-e-type=\"container\" data-settings=\"{&quot;background_background&quot;:&quot;classic&quot;}\">\n\t\t\t\t\t<div class=\"e-con-inner\">\n\t\t\t\t<div class=\"elementor-element elementor-element-f8a97b1 elementor-widget__width-initial elementor-widget-tablet__width-inherit elementor-widget elementor-widget-text-editor\" data-id=\"f8a97b1\" data-element_type=\"widget\" data-e-type=\"widget\" data-widget_type=\"text-editor.default\">\n\t\t\t\t<div class=\"elementor-widget-container\">\n\t\t\t\t\t\t\t\t\t<p>Pour positionner votre entreprise en tant qu\u2019acteur cl\u00e9 de l\u2019industrie, maximiser votre visibilit\u00e9 lors de cet \u00e9v\u00e9nement en pr\u00e9sentiel, atteindre votre public cible et intervenir pendant la conf\u00e9rence, une vari\u00e9t\u00e9 de nouveaux forfaits de sponsoring a \u00e9t\u00e9 cr\u00e9\u00e9e.<\/p>\n\t\t\t\t\t\t\t\t<\/div>\n\t\t\t\t<\/div>\n\t\t\t\t\t<\/div>\n\t\t\t\t<\/div>\n\t\t<div data-particle_enable=\"false\" data-particle-mobile-disabled=\"false\" class=\"elementor-element elementor-element-0eaead4 e-flex e-con-boxed e-con e-parent\" data-id=\"0eaead4\" data-element_type=\"container\" data-e-type=\"container\" data-settings=\"{&quot;background_background&quot;:&quot;classic&quot;}\">\n\t\t\t\t\t<div class=\"e-con-inner\">\n\t\t<div data-particle_enable=\"false\" data-particle-mobile-disabled=\"false\" class=\"elementor-element elementor-element-8858314 e-con-full e-flex e-con e-child\" data-id=\"8858314\" data-element_type=\"container\" data-e-type=\"container\" data-settings=\"{&quot;background_background&quot;:&quot;classic&quot;}\">\n\t\t\t\t<div class=\"elementor-element elementor-element-f98c6dc elementor-invisible elementor-widget elementor-widget-image\" data-id=\"f98c6dc\" data-element_type=\"widget\" data-e-type=\"widget\" data-settings=\"{&quot;_animation&quot;:&quot;fadeInUp&quot;}\" data-widget_type=\"image.default\">\n\t\t\t\t<div class=\"elementor-widget-container\">\n\t\t\t\t\t\t\t\t\t\t\t\t\t\t\t<img decoding=\"async\" width=\"762\" height=\"508\" src=\"https:\/\/imc-morocco.com\/wp-content\/uploads\/2025\/05\/Screenshot-2025-05-09-112833.jpg\" class=\"attachment-full size-full wp-image-13389\" alt=\"\" srcset=\"https:\/\/imc-morocco.com\/wp-content\/uploads\/2025\/05\/Screenshot-2025-05-09-112833.jpg 762w, https:\/\/imc-morocco.com\/wp-content\/uploads\/2025\/05\/Screenshot-2025-05-09-112833-300x200.jpg 300w\" sizes=\"(max-width: 762px) 100vw, 762px\" \/>\t\t\t\t\t\t\t\t\t\t\t\t\t\t\t<\/div>\n\t\t\t\t<\/div>\n\t\t\t\t<\/div>\n\t\t<div data-particle_enable=\"false\" data-particle-mobile-disabled=\"false\" class=\"elementor-element elementor-element-8099f83 e-con-full e-flex elementor-invisible e-con e-child\" data-id=\"8099f83\" data-element_type=\"container\" data-e-type=\"container\" data-settings=\"{&quot;animation&quot;:&quot;fadeInLeft&quot;,&quot;background_background&quot;:&quot;classic&quot;}\">\n\t\t\t\t<div class=\"elementor-element elementor-element-9f6b22f elementor-widget elementor-widget-heading\" data-id=\"9f6b22f\" data-element_type=\"widget\" data-e-type=\"widget\" data-widget_type=\"heading.default\">\n\t\t\t\t<div class=\"elementor-widget-container\">\n\t\t\t\t\t<h2 class=\"elementor-heading-title elementor-size-default\">EXPOSER<\/h2>\t\t\t\t<\/div>\n\t\t\t\t<\/div>\n\t\t\t\t<div class=\"elementor-element elementor-element-160f461 elementor-widget elementor-widget-heading\" data-id=\"160f461\" data-element_type=\"widget\" data-e-type=\"widget\" data-widget_type=\"heading.default\">\n\t\t\t\t<div class=\"elementor-widget-container\">\n\t\t\t\t\t<h2 class=\"elementor-heading-title elementor-size-default\">Ciblez directement vos clients dans votre propre espace d\u00e9di\u00e9<\/h2>\t\t\t\t<\/div>\n\t\t\t\t<\/div>\n\t\t\t\t<div class=\"elementor-element elementor-element-752c87f elementor-widget elementor-widget-text-editor\" data-id=\"752c87f\" data-element_type=\"widget\" data-e-type=\"widget\" data-widget_type=\"text-editor.default\">\n\t\t\t\t<div class=\"elementor-widget-container\">\n\t\t\t\t\t\t\t\t\t<section class=\"vc_section am_container vc_custom_1648783512403 vc_section-has-fill vc_section-o-content-middle vc_section-flex\" data-vc-full-width=\"true\" data-vc-full-width-init=\"true\">\n<div class=\"vc_row wpb_row vc_row-fluid\">\n<div class=\"wpb_column vc_column_container vc_col-sm-12\">\n<div class=\"vc_column-inner\">\n<div class=\"wpb_wrapper\">\n<div class=\"vc_row wpb_row vc_inner vc_row-fluid\">\n<div class=\"wpb_column vc_column_container vc_col-sm-6\">\n<div class=\"vc_column-inner\">\n<div class=\"wpb_wrapper\">\n<div class=\"wpb_text_column wpb_content_element vc_custom_1651057710285 am_get_involve_text\">\n<div class=\"wpb_wrapper\">\n<p>En exposant \u00e0 l&rsquo;IMC Maroc, vous pourrez pr\u00e9senter directement vos produits et services aux d\u00e9cideurs cl\u00e9s de l&rsquo;industrie mini\u00e8re en Afrique du Nord, tout en d\u00e9montrant physiquement votre engagement \u00e0 faire des affaires au Maroc. La priorit\u00e9 en termes de localisation et d\u2019espace sera donn\u00e9e aux sponsors de l\u2019\u00e9v\u00e9nement. Les stands sont disponibles \u00e0 partir de 9 m\u00e8tres carr\u00e9s et incluent : mobilier, \u00e9lectricit\u00e9, votre nom sur la devanture et votre profil d\u2019entreprise dans le catalogue officiel des exposants.<\/p>\n<\/div>\n<\/div>\n<\/div>\n<\/div>\n<\/div>\n<\/div>\n<\/div>\n<\/div>\n<\/div>\n<\/div>\n<\/section>\n\t\t\t\t\t\t\t\t<\/div>\n\t\t\t\t<\/div>\n\t\t\t\t<div class=\"elementor-element elementor-element-8318cdc elementor-align-left elementor-widget elementor-widget-button\" data-id=\"8318cdc\" data-element_type=\"widget\" data-e-type=\"widget\" data-widget_type=\"button.default\">\n\t\t\t\t<div class=\"elementor-widget-container\">\n\t\t\t\t\t\t\t\t\t<div class=\"elementor-button-wrapper\">\n\t\t\t\t\t<a class=\"elementor-button elementor-button-link elementor-size-md\" href=\"https:\/\/imc-morocco.com\/fr\/inscrivez-vous\/\">\n\t\t\t\t\t\t<span class=\"elementor-button-content-wrapper\">\n\t\t\t\t\t\t\t\t\t<span class=\"elementor-button-text\">Demande pour Exposer<\/span>\n\t\t\t\t\t<\/span>\n\t\t\t\t\t<\/a>\n\t\t\t\t<\/div>\n\t\t\t\t\t\t\t\t<\/div>\n\t\t\t\t<\/div>\n\t\t\t\t<\/div>\n\t\t\t\t\t<\/div>\n\t\t\t\t<\/div>\n\t\t<div data-particle_enable=\"false\" data-particle-mobile-disabled=\"false\" class=\"elementor-element elementor-element-e8fbf23 e-flex e-con-boxed e-con e-parent\" data-id=\"e8fbf23\" data-element_type=\"container\" data-e-type=\"container\" data-settings=\"{&quot;background_background&quot;:&quot;gradient&quot;}\">\n\t\t\t\t\t<div class=\"e-con-inner\">\n\t\t<div data-particle_enable=\"false\" data-particle-mobile-disabled=\"false\" class=\"elementor-element elementor-element-ec434e9 e-con-full e-flex e-con e-child\" data-id=\"ec434e9\" data-element_type=\"container\" data-e-type=\"container\">\n\t\t\t\t<div class=\"elementor-element elementor-element-511ae8c elementor-widget__width-initial elementor-widget elementor-widget-heading\" data-id=\"511ae8c\" data-element_type=\"widget\" data-e-type=\"widget\" data-widget_type=\"heading.default\">\n\t\t\t\t<div class=\"elementor-widget-container\">\n\t\t\t\t\t<h3 class=\"elementor-heading-title elementor-size-default\">Nous proposons des forfaits de sponsoring ou d\u2019exposition personnalis\u00e9s, offrant des solutions rentables pour vous aider \u00e0 transmettre votre message \u00e0 vos clients cibles, nouveaux ou existants. D\u00e9veloppez votre activit\u00e9 au Maroc !<\/h3>\t\t\t\t<\/div>\n\t\t\t\t<\/div>\n\t\t\t\t<div class=\"elementor-element elementor-element-33d46d1 elementor-align-center elementor-widget elementor-widget-button\" data-id=\"33d46d1\" data-element_type=\"widget\" data-e-type=\"widget\" data-widget_type=\"button.default\">\n\t\t\t\t<div class=\"elementor-widget-container\">\n\t\t\t\t\t\t\t\t\t<div class=\"elementor-button-wrapper\">\n\t\t\t\t\t<a class=\"elementor-button elementor-size-md elementor-animation-float\" role=\"button\">\n\t\t\t\t\t\t<span class=\"elementor-button-content-wrapper\">\n\t\t\t\t\t\t\t\t\t<span class=\"elementor-button-text\">Contactez-nous<\/span>\n\t\t\t\t\t<\/span>\n\t\t\t\t\t<\/a>\n\t\t\t\t<\/div>\n\t\t\t\t\t\t\t\t<\/div>\n\t\t\t\t<\/div>\n\t\t\t\t<\/div>\n\t\t\t\t\t<\/div>\n\t\t\t\t<\/div>\n\t\t<div data-particle_enable=\"false\" data-particle-mobile-disabled=\"false\" class=\"elementor-element elementor-element-a0bee02 e-flex e-con-boxed e-con e-parent\" data-id=\"a0bee02\" data-element_type=\"container\" data-e-type=\"container\" data-settings=\"{&quot;background_background&quot;:&quot;classic&quot;}\">\n\t\t\t\t\t<div class=\"e-con-inner\">\n\t\t<div data-particle_enable=\"false\" data-particle-mobile-disabled=\"false\" class=\"elementor-element elementor-element-d092cd8 e-con-full e-flex elementor-invisible e-con e-child\" data-id=\"d092cd8\" data-element_type=\"container\" data-e-type=\"container\" data-settings=\"{&quot;animation&quot;:&quot;fadeInLeft&quot;,&quot;background_background&quot;:&quot;classic&quot;}\">\n\t\t\t\t<div class=\"elementor-element elementor-element-2f0fae9 elementor-widget elementor-widget-heading\" data-id=\"2f0fae9\" data-element_type=\"widget\" data-e-type=\"widget\" data-widget_type=\"heading.default\">\n\t\t\t\t<div class=\"elementor-widget-container\">\n\t\t\t\t\t<h2 class=\"elementor-heading-title elementor-size-default\">SPONSOR<\/h2>\t\t\t\t<\/div>\n\t\t\t\t<\/div>\n\t\t\t\t<div class=\"elementor-element elementor-element-d145485 elementor-widget elementor-widget-heading\" data-id=\"d145485\" data-element_type=\"widget\" data-e-type=\"widget\" data-widget_type=\"heading.default\">\n\t\t\t\t<div class=\"elementor-widget-container\">\n\t\t\t\t\t<h2 class=\"elementor-heading-title elementor-size-default\">La mani\u00e8re la plus rentable de cibler vos clients<\/h2>\t\t\t\t<\/div>\n\t\t\t\t<\/div>\n\t\t\t\t<div class=\"elementor-element elementor-element-0bb685e elementor-widget elementor-widget-text-editor\" data-id=\"0bb685e\" data-element_type=\"widget\" data-e-type=\"widget\" data-widget_type=\"text-editor.default\">\n\t\t\t\t<div class=\"elementor-widget-container\">\n\t\t\t\t\t\t\t\t\t<section class=\"vc_section am_container vc_custom_1648783512403 vc_section-has-fill vc_section-o-content-middle vc_section-flex\" data-vc-full-width=\"true\" data-vc-full-width-init=\"true\">\n<div class=\"vc_row wpb_row vc_row-fluid\">\n<div class=\"wpb_column vc_column_container vc_col-sm-12\">\n<div class=\"vc_column-inner\">\n<div class=\"wpb_wrapper\">\n<div class=\"vc_row wpb_row vc_inner vc_row-fluid\">\n<div class=\"wpb_column vc_column_container vc_col-sm-6\">\n<div class=\"vc_column-inner\">\n<div class=\"wpb_wrapper\">\n<div class=\"wpb_text_column wpb_content_element vc_custom_1651057710285 am_get_involve_text\">\n<div class=\"wpb_wrapper\">\n<p>Il ne fait aucun doute qu\u2019en sponsorisant l\u2019IMC Maroc, vous garantirez \u00e0 votre entreprise un impact r\u00e9el, durable et m\u00e9morable dans l&rsquo;industrie mini\u00e8re en Afrique du Nord.<\/p>\n<p>Une vari\u00e9t\u00e9 de forfaits de sponsoring a \u00e9t\u00e9 cr\u00e9\u00e9e pour ajouter de la valeur \u00e0 votre participation et am\u00e9liorer l\u2019image de votre entreprise. Les forfaits vont du Platine au Bronze, incluant le parrainage des fonctions de r\u00e9seautage, des cadeaux d&rsquo;entreprise et une participation garantie au programme de la conf\u00e9rence. Notre campagne m\u00e9diatique est \u00e9tendue, comprenant les r\u00e9seaux sociaux, la t\u00e9l\u00e9vision, la radio et des panneaux publicitaires, et votre logo sera affich\u00e9 de mani\u00e8re visible pour tous.<\/p>\n<\/div>\n<\/div>\n<\/div>\n<\/div>\n<\/div>\n<\/div>\n<\/div>\n<\/div>\n<\/div>\n<\/div>\n<\/section>\n\t\t\t\t\t\t\t\t<\/div>\n\t\t\t\t<\/div>\n\t\t\t\t<div class=\"elementor-element elementor-element-12648b9 elementor-align-left elementor-widget elementor-widget-button\" data-id=\"12648b9\" data-element_type=\"widget\" data-e-type=\"widget\" data-widget_type=\"button.default\">\n\t\t\t\t<div class=\"elementor-widget-container\">\n\t\t\t\t\t\t\t\t\t<div class=\"elementor-button-wrapper\">\n\t\t\t\t\t<a class=\"elementor-button elementor-button-link elementor-size-md\" href=\"https:\/\/imc-morocco.com\/fr\/sponsors\/\">\n\t\t\t\t\t\t<span class=\"elementor-button-content-wrapper\">\n\t\t\t\t\t\t\t\t\t<span class=\"elementor-button-text\">Demande de Sponsoring<\/span>\n\t\t\t\t\t<\/span>\n\t\t\t\t\t<\/a>\n\t\t\t\t<\/div>\n\t\t\t\t\t\t\t\t<\/div>\n\t\t\t\t<\/div>\n\t\t\t\t<\/div>\n\t\t<div data-particle_enable=\"false\" data-particle-mobile-disabled=\"false\" class=\"elementor-element elementor-element-f23780a e-con-full e-flex e-con e-child\" data-id=\"f23780a\" data-element_type=\"container\" data-e-type=\"container\" data-settings=\"{&quot;background_background&quot;:&quot;classic&quot;}\">\n\t\t\t\t<div class=\"elementor-element elementor-element-bd9569f elementor-invisible elementor-widget elementor-widget-image\" data-id=\"bd9569f\" data-element_type=\"widget\" data-e-type=\"widget\" data-settings=\"{&quot;_animation&quot;:&quot;fadeInUp&quot;}\" data-widget_type=\"image.default\">\n\t\t\t\t<div class=\"elementor-widget-container\">\n\t\t\t\t\t\t\t\t\t\t\t\t\t\t\t<img loading=\"lazy\" decoding=\"async\" width=\"1280\" height=\"854\" src=\"https:\/\/imc-morocco.com\/wp-content\/uploads\/2025\/05\/7.jpg\" class=\"attachment-full size-full wp-image-13382\" alt=\"\" srcset=\"https:\/\/imc-morocco.com\/wp-content\/uploads\/2025\/05\/7.jpg 1280w, https:\/\/imc-morocco.com\/wp-content\/uploads\/2025\/05\/7-300x200.jpg 300w, https:\/\/imc-morocco.com\/wp-content\/uploads\/2025\/05\/7-1024x683.jpg 1024w, https:\/\/imc-morocco.com\/wp-content\/uploads\/2025\/05\/7-768x512.jpg 768w\" sizes=\"(max-width: 1280px) 100vw, 1280px\" \/>\t\t\t\t\t\t\t\t\t\t\t\t\t\t\t<\/div>\n\t\t\t\t<\/div>\n\t\t\t\t<\/div>\n\t\t\t\t\t<\/div>\n\t\t\t\t<\/div>\n\t\t\t\t<\/div>\n\t\t","protected":false},"excerpt":{"rendered":"<p>D\u00e9l\u00e9gu\u00e9 : \u00c9coutez, Apprenez, Participez et Concluez des Affaires En participant en tant que d\u00e9l\u00e9gu\u00e9, vous aurez non seulement acc\u00e8s aux sessions interactives de la conf\u00e9rence, mais \u00e9galement aux riches opportunit\u00e9s de r\u00e9seautage offertes par les pauses-caf\u00e9, les d\u00e9jeuners et les r\u00e9ceptions en soir\u00e9e. Vous serez \u00e9galement inclus dans l&rsquo;application B2B de l&rsquo;\u00e9v\u00e9nement, vous permettant [&hellip;]<\/p>\n","protected":false},"author":11,"featured_media":0,"parent":0,"menu_order":0,"comment_status":"closed","ping_status":"closed","template":"","meta":{"footnotes":""},"class_list":["post-11624","page","type-page","status-publish","hentry"],"_links":{"self":[{"href":"https:\/\/imc-morocco.com\/fr\/wp-json\/wp\/v2\/pages\/11624","targetHints":{"allow":["GET"]}}],"collection":[{"href":"https:\/\/imc-morocco.com\/fr\/wp-json\/wp\/v2\/pages"}],"about":[{"href":"https:\/\/imc-morocco.com\/fr\/wp-json\/wp\/v2\/types\/page"}],"author":[{"embeddable":true,"href":"https:\/\/imc-morocco.com\/fr\/wp-json\/wp\/v2\/users\/11"}],"replies":[{"embeddable":true,"href":"https:\/\/imc-morocco.com\/fr\/wp-json\/wp\/v2\/comments?post=11624"}],"version-history":[{"count":8,"href":"https:\/\/imc-morocco.com\/fr\/wp-json\/wp\/v2\/pages\/11624\/revisions"}],"predecessor-version":[{"id":13595,"href":"https:\/\/imc-morocco.com\/fr\/wp-json\/wp\/v2\/pages\/11624\/revisions\/13595"}],"wp:attachment":[{"href":"https:\/\/imc-morocco.com\/fr\/wp-json\/wp\/v2\/media?parent=11624"}],"curies":[{"name":"wp","href":"https:\/\/api.w.org\/{rel}","templated":true}]}}