{"id":11672,"date":"2024-10-21T11:30:11","date_gmt":"2024-10-21T11:30:11","guid":{"rendered":"https:\/\/imc-morocco.com\/telecharger-la-brochure-imc-maroc\/"},"modified":"2025-08-06T14:24:20","modified_gmt":"2025-08-06T14:24:20","slug":"telecharger-la-brochure-imc-maroc","status":"publish","type":"page","link":"https:\/\/imc-morocco.com\/fr\/telecharger-la-brochure-imc-maroc\/","title":{"rendered":"T\u00e9l\u00e9charger la brochure IMC Maroc"},"content":{"rendered":"\t\t<div data-elementor-type=\"wp-page\" data-elementor-id=\"11672\" class=\"elementor elementor-11672 elementor-10653\" data-elementor-post-type=\"page\">\n\t\t\t\t<div data-particle_enable=\"false\" data-particle-mobile-disabled=\"false\" class=\"elementor-element elementor-element-f7b2388 e-flex e-con-boxed e-con e-parent\" data-id=\"f7b2388\" data-element_type=\"container\" data-e-type=\"container\">\n\t\t\t\t\t<div class=\"e-con-inner\">\n\t\t<div data-particle_enable=\"false\" data-particle-mobile-disabled=\"false\" class=\"elementor-element elementor-element-6470c9a e-flex e-con-boxed e-con e-child\" data-id=\"6470c9a\" data-element_type=\"container\" data-e-type=\"container\">\n\t\t\t\t\t<div class=\"e-con-inner\">\n\t\t\t\t<div class=\"elementor-element elementor-element-8ee0523 elementor-widget elementor-widget-heading\" data-id=\"8ee0523\" data-element_type=\"widget\" data-e-type=\"widget\" data-widget_type=\"heading.default\">\n\t\t\t\t<div class=\"elementor-widget-container\">\n\t\t\t\t\t<h2 class=\"elementor-heading-title elementor-size-default\">Merci pour votre demande !<\/h2>\t\t\t\t<\/div>\n\t\t\t\t<\/div>\n\t\t\t\t<div class=\"elementor-element elementor-element-a876ca8 elementor-widget elementor-widget-text-editor\" data-id=\"a876ca8\" data-element_type=\"widget\" data-e-type=\"widget\" data-widget_type=\"text-editor.default\">\n\t\t\t\t<div class=\"elementor-widget-container\">\n\t\t\t\t\t\t\t\t\t<p>Cliquez sur le bouton ci-dessous pour t\u00e9l\u00e9charger l&rsquo;agenda 2025.<\/p>\t\t\t\t\t\t\t\t<\/div>\n\t\t\t\t<\/div>\n\t\t\t\t<div class=\"elementor-element elementor-element-f471eba elementor-align-center elementor-widget elementor-widget-button\" data-id=\"f471eba\" data-element_type=\"widget\" data-e-type=\"widget\" data-widget_type=\"button.default\">\n\t\t\t\t<div class=\"elementor-widget-container\">\n\t\t\t\t\t\t\t\t\t<div class=\"elementor-button-wrapper\">\n\t\t\t\t\t<a class=\"elementor-button elementor-button-link elementor-size-md\" href=\"https:\/\/imc-morocco.com\/download\/13913\/?tmstv=1754490234\" target=\"_blank\">\n\t\t\t\t\t\t<span class=\"elementor-button-content-wrapper\">\n\t\t\t\t\t\t\t\t\t<span class=\"elementor-button-text\">T\u00e9l\u00e9charger le programme<\/span>\n\t\t\t\t\t<\/span>\n\t\t\t\t\t<\/a>\n\t\t\t\t<\/div>\n\t\t\t\t\t\t\t\t<\/div>\n\t\t\t\t<\/div>\n\t\t\t\t\t<\/div>\n\t\t\t\t<\/div>\n\t\t\t\t\t<\/div>\n\t\t\t\t<\/div>\n\t\t<div data-particle_enable=\"false\" data-particle-mobile-disabled=\"false\" class=\"elementor-element elementor-element-d410a77 elementor-hidden-desktop elementor-hidden-tablet elementor-hidden-mobile e-flex e-con-boxed e-con e-parent\" data-id=\"d410a77\" data-element_type=\"container\" data-e-type=\"container\">\n\t\t\t\t\t<div class=\"e-con-inner\">\n\t\t\t\t<div class=\"elementor-element elementor-element-22c5c73 elementor-widget elementor-widget-text-editor\" data-id=\"22c5c73\" data-element_type=\"widget\" data-e-type=\"widget\" data-widget_type=\"text-editor.default\">\n\t\t\t\t<div class=\"elementor-widget-container\">\n\t\t\t\t\t\t\t\t\t<p>Thank you for your interest in IMC Morocco 2024. We look forward to seeing you there!<\/p>\n<a  data-e-Disable-Page-Transition=\"true\" class=\"download-link\" title=\"\" href=\"https:\/\/imc-morocco.com\/fr\/download\/10636\/?tmstv=1777519606\" rel=\"nofollow\" id=\"download-link-10636\" data-redirect=\"false\" >\n\tIMC Morocco 2024 Event Brochure<\/a>\n\n\t\t\t\t\t\t\t\t<\/div>\n\t\t\t\t<\/div>\n\t\t\t\t\t<\/div>\n\t\t\t\t<\/div>\n\t\t\t\t<\/div>\n\t\t","protected":false},"excerpt":{"rendered":"<p>Merci pour votre demande ! Cliquez sur le bouton ci-dessous pour t\u00e9l\u00e9charger l&rsquo;agenda 2025. T\u00e9l\u00e9charger le programme Thank you for your interest in IMC Morocco 2024. We look forward to seeing you there!<\/p>\n","protected":false},"author":11,"featured_media":0,"parent":0,"menu_order":0,"comment_status":"closed","ping_status":"closed","template":"","meta":{"footnotes":""},"class_list":["post-11672","page","type-page","status-publish","hentry"],"_links":{"self":[{"href":"https:\/\/imc-morocco.com\/fr\/wp-json\/wp\/v2\/pages\/11672","targetHints":{"allow":["GET"]}}],"collection":[{"href":"https:\/\/imc-morocco.com\/fr\/wp-json\/wp\/v2\/pages"}],"about":[{"href":"https:\/\/imc-morocco.com\/fr\/wp-json\/wp\/v2\/types\/page"}],"author":[{"embeddable":true,"href":"https:\/\/imc-morocco.com\/fr\/wp-json\/wp\/v2\/users\/11"}],"replies":[{"embeddable":true,"href":"https:\/\/imc-morocco.com\/fr\/wp-json\/wp\/v2\/comments?post=11672"}],"version-history":[{"count":14,"href":"https:\/\/imc-morocco.com\/fr\/wp-json\/wp\/v2\/pages\/11672\/revisions"}],"predecessor-version":[{"id":13922,"href":"https:\/\/imc-morocco.com\/fr\/wp-json\/wp\/v2\/pages\/11672\/revisions\/13922"}],"wp:attachment":[{"href":"https:\/\/imc-morocco.com\/fr\/wp-json\/wp\/v2\/media?parent=11672"}],"curies":[{"name":"wp","href":"https:\/\/api.w.org\/{rel}","templated":true}]}}