{"id":13556,"date":"2025-06-10T13:47:57","date_gmt":"2025-06-10T13:47:57","guid":{"rendered":"https:\/\/imc-morocco.com\/?page_id=13556"},"modified":"2026-03-26T14:01:43","modified_gmt":"2026-03-26T14:01:43","slug":"communique-de-presse","status":"publish","type":"page","link":"https:\/\/imc-morocco.com\/fr\/communique-de-presse\/","title":{"rendered":"communiqu\u00e9 de presse"},"content":{"rendered":"\t\t<div data-elementor-type=\"wp-page\" data-elementor-id=\"13556\" class=\"elementor elementor-13556 elementor-13554\" data-elementor-post-type=\"page\">\n\t\t\t\t<div data-particle_enable=\"false\" data-particle-mobile-disabled=\"false\" class=\"elementor-element elementor-element-148acdc e-flex e-con-boxed e-con e-parent\" data-id=\"148acdc\" data-element_type=\"container\" data-e-type=\"container\">\n\t\t\t\t\t<div class=\"e-con-inner\">\n\t\t\t\t<div class=\"elementor-element elementor-element-f8039f1 elementor-widget elementor-widget-text-editor\" data-id=\"f8039f1\" data-element_type=\"widget\" data-e-type=\"widget\" data-widget_type=\"text-editor.default\">\n\t\t\t\t<div class=\"elementor-widget-container\">\n\t\t\t\t\t\t\t\t\t<div><h3 style=\"text-align: center;\"><b>Le Maroc r\u00e9unit tous les atouts : un potentiel minier encore largement inexploit\u00e9, un environnement d&rsquo;investissement solide et des infrastructures de premier plan<\/b><\/h3><p><b>Rabat, Maroc<\/b><\/p><p>L\u2019<b>IMC 2026<\/b>, troisi\u00e8me \u00e9dition du <b>Congr\u00e8s et exposition internationale des mines du Maroc<\/b>, se tiendra, pour la premi\u00e8re fois, du <b>6 au 8 octobre 2026<\/b> \u00e0 Rabat, capitale et centre administratif du Royaume du Maroc<b>.<\/b> Cet \u00e9v\u00e9nement est organis\u00e9 par la <b>F\u00e9d\u00e9ration de l&rsquo;industrie min\u00e9rale du Maroc (FDIM<\/b>) et <b>AME Trade Ltd<\/b>, avec le soutien des plus hautes autorit\u00e9s, notamment le <b>minist\u00e8re de la Transition \u00e9nerg\u00e9tique et du D\u00e9veloppement durable<\/b>, le <b>minist\u00e8re de l\u2019Industrie et du Commerce, <\/b>ainsi que l\u2019<b>AMDIE.\u00a0\u00a0<\/b><\/p><p><b>Le Maroc s\u2019est hiss\u00e9 \u00e0 la 15e place mondiale <\/b>dans le dernier indice d&rsquo;attractivit\u00e9 des investissements dans le secteur minier, selon l\u2019\u00e9dition 2025 de l\u2019Annual Survey of Mining Companies du Fraser Institute. Cette progression marque une \u00e9tape importante dans la strat\u00e9gie du Royaume visant \u00e0 diversifier son \u00e9conomie et \u00e0 se positionner comme un hub strat\u00e9gique au c\u0153ur des cha\u00eenes d&rsquo;approvisionnement mondiales en minerais.<\/p><br \/><p><b>Le Maroc dispose de nombreux atouts, non seulement en termes de ressources et de r\u00e9serves<\/b>, mais \u00e9galement sur le plan r\u00e9glementaire, institutionnel et en mati\u00e8re de durabilit\u00e9, lui permettant de d\u00e9velopper la production de mol\u00e9cules \u00e9nerg\u00e9tiques, de minerais et de m\u00e9taux ainsi que de produits comp\u00e9titifs \u00e0 faible ou z\u00e9ro \u00e9mission de carbone. <b>Le Royaume b\u00e9n\u00e9ficie \u00e9galement d&rsquo;une position g\u00e9ographique exceptionnelle<\/b>, \u00e0 la crois\u00e9e de l&rsquo;Afrique, de l&rsquo;Europe et du bassin atlantique, constituant un point de convergence entre les <b>grands ensembles<\/b> <b>g\u00e9opolitiques<\/b> qui influencent aujourd&rsquo;hui les choix technologiques, environnementaux et soci\u00e9taux strat\u00e9giques. Dans cette dynamique, et afin de renforcer son positionnement en tant que <b>puissance mini\u00e8re r\u00e9gionale<\/b>, le gouvernement du Royaume du Maroc a lanc\u00e9 un appel d&rsquo;offres public pour l&rsquo;exploration de minerais pr\u00e9cieux et strat\u00e9giques dans les provinces orientales du pays. Ce programme concerne environ <b>13 000 km\u00b2<\/b> dans le <b>bassin minier de Tafilalet et Figuig.<\/b><\/p><br \/><p><b>L\u2019\u00e9dition 2025 de l&rsquo;IMC a marqu\u00e9 une \u00e9tape historique pour l&rsquo;avenir du secteur minier africain, avec l\u2019adoption de la D\u00e9claration de Marrakech<\/b>. Celle-ci engage les acteurs du secteur \u00e0 renforcer les normes environnementales, la responsabilit\u00e9 sociale et la gouvernance, selon des principes destin\u00e9s \u00e0 attirer des investisseurs internationaux de plus en plus orient\u00e9s vers une exploitation mini\u00e8re \u00e9co-responsable et conforme aux crit\u00e8res ESG. Lors de la c\u00e9r\u00e9monie d\u2019ouverture,<b> Madame Leila Benali, Ministre de la Transition \u00e9nerg\u00e9tique et du D\u00e9veloppement durable du Royaume du Maroc<\/b>, a d\u00e9clar\u00e9 <i>: \u00ab Cette d\u00e9claration n&rsquo;est pas marocaine. Elle est africaine. Et je sais que chacun d\u2019entre nous se souviendra de ce moment \u00e0 Marrakech, o\u00f9 qu\u2019il se trouve dans un an, dans cinq ans ou dans dix ans. Elle appartient \u00e0 chaque nation africaine et marque l&rsquo;entr\u00e9e du continent dans une nouvelle \u00e8re, une \u00e8re o\u00f9 nous d\u00e9finissons nos propres r\u00e8gles et d\u00e9terminons la valeur de nos ressources \u00bb.<\/i><\/p><br \/><p><b>L&rsquo;IMC 2026 s\u2019inscrira dans la continuit\u00e9 du succ\u00e8s de l&rsquo;\u00e9dition 2025<\/b>, qui a r\u00e9uni plus de 650 participants issus de plus de 40 pays, dont des d\u00e9l\u00e9gations de haut niveau provenant des principaux pays producteurs miniers africains. Plus de 100 exposants ont particip\u00e9 \u00e0 l&rsquo;exposition professionnelle, couvrant l&rsquo;ensemble de la cha\u00eene de valeur du secteur minier. Parmi les principaux sponsors figuraient des acteurs majeurs du secteur tels que <b>OCP, Managem, Aya Gold and Silver, CMT et Morocco Strategic Minerals.<\/b><\/p><br \/><p><b>Le Maroc dispose d\u2019un potentiel minier diversifi\u00e9<\/b>, avec une production r\u00e9guli\u00e8re de nombreuses substances telles que <b>les<\/b> <b>phosphates, le plomb, le zinc, le cuivre, l\u2019or, l\u2019argent, le cobalt, le mangan\u00e8se, le fluor et la barytine.\u00a0 <\/b>Premier exportateur mondial de phosphates bruts<b>, le Royaume d\u00e9tient par ailleurs pr\u00e8s des trois quarts des r\u00e9serves mondiales connues<\/b>. Le pays poursuit<b> une strat\u00e9gie ambitieuse <\/b>visant \u00e0 porter les revenus miniers (hors phosphates) \u00e0 plus de 1,7 milliard de dollars d&rsquo;ici 2030, soit plus du double des niveaux de 2020. Cette dynamique s\u2019inscrit dans une approche de d\u00e9veloppement minier responsable et durable, en coh\u00e9rence avec les orientations de l&rsquo;Union europ\u00e9enne. Le Maroc affiche \u00e9galement une vision \u00e0 long terme consistant \u00e0 <b>approvisionner les gigafactories \u00e9mergentes<\/b> de K\u00e9nitra et de Tanger en minerais critiques produits \u00e0 l\u2019\u00e9chelle nationale, en int\u00e9grant l\u2019activit\u00e9 mini\u00e8re aux cha\u00eenes de valeur, notamment dans les domaines des batteries et des \u00e9nergies vertes. Cette strat\u00e9gie vise \u00e0 renforcer la position du Royaume au sein des cha\u00eenes d&rsquo;approvisionnement mondiales. <b>Neuvi\u00e8me producteur mondial de cobalt<\/b>, avec une production de 2 000 tonnes, le Maroc entend valoriser davantage ses r\u00e9serves dans le cadre du d\u00e9veloppement des batteries rechargeables.<b> Par ailleurs, le pays a mis en place un registre minier num\u00e9rique national<\/b>, dans le cadre d\u2019une r\u00e9forme visant \u00e0 simplifier les proc\u00e9dures d\u2019octroi des licences et \u00e0 r\u00e9duire les contraintes administratives. Cette initiative contribue \u00e0 renforcer l\u2019attractivit\u00e9 du secteur minier marocain aupr\u00e8s des investisseurs internationaux particuli\u00e8rement attentifs aux risques r\u00e9glementaires.<\/p><p>Pour en savoir plus,<b> consultez : <\/b><a href=\"https:\/\/imc-morocco.com\/\">https:\/\/imc-morocco.com\/<\/a>\u00a0<\/p><p><b>FIN<\/b><\/p><p><b>\u00c0 propos d\u2019AME Trade Ltd<\/b><\/p><p>Fond\u00e9e en 2006, AME Trade Ltd s\u2019est impos\u00e9e comme un acteur de r\u00e9f\u00e9rence dans le d\u00e9veloppement du commerce et des investissements sur les march\u00e9s \u00e9mergents africains. Forte de plus de 20 ans d\u2019exp\u00e9rience, l\u2019entreprise est sp\u00e9cialis\u00e9e dans l\u2019organisation d\u2019\u00e9v\u00e9nements B2B sectoriels et de conf\u00e9rences, ainsi que dans les services de marketing num\u00e9rique, notamment dans les secteurs des mines, de l\u2019\u00e9nergie, de la finance et du p\u00e9trole et du gaz. Pr\u00e9sente dans 29 pays africains, AME Trade collabore avec des experts de premier plan ainsi qu\u2019avec des PME locales afin de concevoir des \u00e9v\u00e9nements \u00e0 fort impact, contribuant au d\u00e9veloppement durable et \u00e0 la croissance \u00e9conomique du continent. Notre mission consiste \u00e0 cr\u00e9er des opportunit\u00e9s d\u2019\u00e9changes et de partenariats entre les acteurs cl\u00e9s, de diffuser des connaissances sectorielles et de r\u00e9unir les parties prenantes autour des enjeux strat\u00e9giques. Notre pr\u00e9sence locale nous conf\u00e8re un avantage concurrentiel unique et une connaissance approfondie des march\u00e9s. Notre offre de services \u00e0 valeur ajout\u00e9e comprend des programmes de formation sur mesure, des services de marketing num\u00e9rique ainsi que des rapports de veille \u00e9conomique \u00e0 forte valeur strat\u00e9gique. Rejoignez-nous pour contribuer au d\u00e9veloppement \u00e9conomique durable et inclusif en Afrique. Suivez-nous sur : LINKEDIN | TWITTER\u00a0<\/p><br \/><p><b>Pour toute demande presse, contactez :<\/b><\/p><p>AmeTrade Ltd\u00a0<\/p><p>Si\u00e8ge social :<\/p><p>4 Devonshire Street, London, W1W 5DX<\/p><p>T\u00e9l : +44 207 700 4949 | <a href=\"http:\/\/www.ametrade.org\" target=\"_blank\" rel=\"noopener\">www.ametrade.org<\/a><\/p><p><b>Pour toute demande d\u2019accr\u00e9ditation m\u00e9dia, contactez\u00a0:<\/b><\/p><p><a href=\"mailto:marketing@ametrade.org\">marketing@ametrade.org<\/a>\u00a0<\/p><\/div>\t\t\t\t\t\t\t\t<\/div>\n\t\t\t\t<\/div>\n\t\t\t\t\t<\/div>\n\t\t\t\t<\/div>\n\t\t\t\t<\/div>\n\t\t","protected":false},"excerpt":{"rendered":"<p>Le Maroc r\u00e9unit tous les atouts : un potentiel minier encore largement inexploit\u00e9, un environnement d&rsquo;investissement solide et des infrastructures de premier plan Rabat, Maroc L\u2019IMC 2026, troisi\u00e8me \u00e9dition du Congr\u00e8s et exposition internationale des mines du Maroc, se tiendra, pour la premi\u00e8re fois, du 6 au 8 octobre 2026 \u00e0 Rabat, capitale et centre [&hellip;]<\/p>\n","protected":false},"author":11,"featured_media":9647,"parent":0,"menu_order":0,"comment_status":"closed","ping_status":"closed","template":"","meta":{"footnotes":""},"class_list":["post-13556","page","type-page","status-publish","has-post-thumbnail","hentry"],"_links":{"self":[{"href":"https:\/\/imc-morocco.com\/fr\/wp-json\/wp\/v2\/pages\/13556","targetHints":{"allow":["GET"]}}],"collection":[{"href":"https:\/\/imc-morocco.com\/fr\/wp-json\/wp\/v2\/pages"}],"about":[{"href":"https:\/\/imc-morocco.com\/fr\/wp-json\/wp\/v2\/types\/page"}],"author":[{"embeddable":true,"href":"https:\/\/imc-morocco.com\/fr\/wp-json\/wp\/v2\/users\/11"}],"replies":[{"embeddable":true,"href":"https:\/\/imc-morocco.com\/fr\/wp-json\/wp\/v2\/comments?post=13556"}],"version-history":[{"count":52,"href":"https:\/\/imc-morocco.com\/fr\/wp-json\/wp\/v2\/pages\/13556\/revisions"}],"predecessor-version":[{"id":15832,"href":"https:\/\/imc-morocco.com\/fr\/wp-json\/wp\/v2\/pages\/13556\/revisions\/15832"}],"wp:featuredmedia":[{"embeddable":true,"href":"https:\/\/imc-morocco.com\/fr\/wp-json\/wp\/v2\/media\/9647"}],"wp:attachment":[{"href":"https:\/\/imc-morocco.com\/fr\/wp-json\/wp\/v2\/media?parent=13556"}],"curies":[{"name":"wp","href":"https:\/\/api.w.org\/{rel}","templated":true}]}}